{"id":15085,"date":"2024-03-11T10:04:13","date_gmt":"2024-03-11T10:04:13","guid":{"rendered":"https:\/\/www.mutter-kind-betreuung.de\/?page_id=15085"},"modified":"2024-03-11T10:07:23","modified_gmt":"2024-03-11T10:07:23","slug":"grundsaetzliches-selbstverstaendnis","status":"publish","type":"page","link":"https:\/\/www.mutter-kind-betreuung.de\/?page_id=15085","title":{"rendered":"Grunds\u00e4tzliches Selbstverst\u00e4ndnis"},"content":{"rendered":"\t\t<div data-elementor-type=\"wp-page\" data-elementor-id=\"15085\" class=\"elementor elementor-15085\">\n\t\t\t\t\t\t<section class=\"elementor-section elementor-top-section elementor-element elementor-element-aa5037b elementor-section-boxed elementor-section-height-default elementor-section-height-default\" data-id=\"aa5037b\" data-element_type=\"section\" data-e-type=\"section\">\n\t\t\t\t\t\t<div class=\"elementor-container elementor-column-gap-default\">\n\t\t\t\t\t<div class=\"elementor-column elementor-col-100 elementor-top-column elementor-element elementor-element-ba7e783\" data-id=\"ba7e783\" data-element_type=\"column\" data-e-type=\"column\">\n\t\t\t<div class=\"elementor-widget-wrap elementor-element-populated\">\n\t\t\t\t\t\t<div class=\"elementor-element elementor-element-7a113d1 elementor-widget elementor-widget-text-editor\" data-id=\"7a113d1\" data-element_type=\"widget\" data-e-type=\"widget\" data-widget_type=\"text-editor.default\">\n\t\t\t\t<div class=\"elementor-widget-container\">\n\t\t\t\t\t\t\t\t\t<p>Wir verstehen unsere Arbeit als aktiven Beitrag zum Kinderschutz. Wir wollen Mutter und Kind vor und in \u00dcberforderungssituationen sch\u00fctzen.<\/p><p>Durch fachliches Einwirken auf die in der Einrichtung lebenden (werdenden) M\u00fctter sollen Prozesse initiiert werden, die ein zuk\u00fcnftiges Leben in Eigenverantwortlichkeit und pers\u00f6nlicher sowie wirtschaftlicher Unabh\u00e4ngigkeit und Selbstst\u00e4ndigkeit erm\u00f6glichen.\u00a0Wir streben den Abbau dysfunktionaler Verhaltens- und Erlebnisweisen an. In diese Prozesse wird das soziale Umfeld einbezogen werden. Individuelle und systemimmanente Ressourcen sollen aktiviert werden, um so einen Entwicklungs- und Wachstumsprozess einzuleiten, der individuelle Selbstst\u00e4ndigkeit, Autonomie, Selbstentfaltung, Lebensgestaltung und Kreativit\u00e4t der jungen Menschen anstrebt und zul\u00e4sst.<\/p><p>Wir verstehen unsere Arbeit als ein Angebot, welches den (werdenden) M\u00fcttern den Weg zu gesellschaftlicher Integration ebnet. Wir wollen den (werdenden) M\u00fcttern aufzeigen, wie und wodurch sie f\u00fcr sich und ihr Kind eine Steigerung ihrer Lebensqualit\u00e4t erreichen k\u00f6nnen. In diesem Sinne verstehen wir unsere Arbeit als Hilfe zur Selbsthilfe und einen konstruktiven Beitrag zur Pr\u00e4vention, um einer Verlagerung des Hilfebedarfes in die n\u00e4chste Generation vorzubeugen.<\/p>\t\t\t\t\t\t\t\t<\/div>\n\t\t\t\t<\/div>\n\t\t\t\t\t<\/div>\n\t\t<\/div>\n\t\t\t\t\t<\/div>\n\t\t<\/section>\n\t\t\t\t<\/div>\n\t\t","protected":false},"excerpt":{"rendered":"<p>Wir verstehen unsere Arbeit als aktiven Beitrag zum Kinderschutz. Wir wollen Mutter und Kind vor und in \u00dcberforderungssituationen sch\u00fctzen. Durch fachliches Einwirken auf die in der Einrichtung lebenden (werdenden) M\u00fctter sollen Prozesse initiiert werden, die ein zuk\u00fcnftiges Leben in Eigenverantwortlichkeit und pers\u00f6nlicher sowie wirtschaftlicher Unabh\u00e4ngigkeit und Selbstst\u00e4ndigkeit erm\u00f6glichen.\u00a0Wir streben den Abbau dysfunktionaler Verhaltens- und Erlebnisweisen&hellip;<\/p>\n","protected":false},"author":2,"featured_media":0,"parent":0,"menu_order":0,"comment_status":"closed","ping_status":"closed","template":"","meta":{"footnotes":""},"class_list":["post-15085","page","type-page","status-publish","hentry"],"_links":{"self":[{"href":"https:\/\/www.mutter-kind-betreuung.de\/index.php?rest_route=\/wp\/v2\/pages\/15085","targetHints":{"allow":["GET"]}}],"collection":[{"href":"https:\/\/www.mutter-kind-betreuung.de\/index.php?rest_route=\/wp\/v2\/pages"}],"about":[{"href":"https:\/\/www.mutter-kind-betreuung.de\/index.php?rest_route=\/wp\/v2\/types\/page"}],"author":[{"embeddable":true,"href":"https:\/\/www.mutter-kind-betreuung.de\/index.php?rest_route=\/wp\/v2\/users\/2"}],"replies":[{"embeddable":true,"href":"https:\/\/www.mutter-kind-betreuung.de\/index.php?rest_route=%2Fwp%2Fv2%2Fcomments&post=15085"}],"version-history":[{"count":4,"href":"https:\/\/www.mutter-kind-betreuung.de\/index.php?rest_route=\/wp\/v2\/pages\/15085\/revisions"}],"predecessor-version":[{"id":15089,"href":"https:\/\/www.mutter-kind-betreuung.de\/index.php?rest_route=\/wp\/v2\/pages\/15085\/revisions\/15089"}],"wp:attachment":[{"href":"https:\/\/www.mutter-kind-betreuung.de\/index.php?rest_route=%2Fwp%2Fv2%2Fmedia&parent=15085"}],"curies":[{"name":"wp","href":"https:\/\/api.w.org\/{rel}","templated":true}]}}