{"id":15090,"date":"2024-03-11T10:07:46","date_gmt":"2024-03-11T10:07:46","guid":{"rendered":"https:\/\/www.mutter-kind-betreuung.de\/?page_id=15090"},"modified":"2024-03-11T10:09:21","modified_gmt":"2024-03-11T10:09:21","slug":"elementor-15090","status":"publish","type":"page","link":"https:\/\/www.mutter-kind-betreuung.de\/?page_id=15090","title":{"rendered":"Leitbild"},"content":{"rendered":"\t\t<div data-elementor-type=\"wp-page\" data-elementor-id=\"15090\" class=\"elementor elementor-15090\">\n\t\t\t\t\t\t<section class=\"elementor-section elementor-top-section elementor-element elementor-element-c2bccd6 elementor-section-boxed elementor-section-height-default elementor-section-height-default\" data-id=\"c2bccd6\" data-element_type=\"section\" data-e-type=\"section\">\n\t\t\t\t\t\t<div class=\"elementor-container elementor-column-gap-default\">\n\t\t\t\t\t<div class=\"elementor-column elementor-col-100 elementor-top-column elementor-element elementor-element-3615de4\" data-id=\"3615de4\" data-element_type=\"column\" data-e-type=\"column\">\n\t\t\t<div class=\"elementor-widget-wrap elementor-element-populated\">\n\t\t\t\t\t\t<div class=\"elementor-element elementor-element-ab2520f elementor-widget elementor-widget-text-editor\" data-id=\"ab2520f\" data-element_type=\"widget\" data-e-type=\"widget\" data-widget_type=\"text-editor.default\">\n\t\t\t\t<div class=\"elementor-widget-container\">\n\t\t\t\t\t\t\t\t\t<p style=\"margin-bottom: 7.5pt; line-height: normal; background-image: initial; background-position: initial; background-size: initial; background-repeat: initial; background-attachment: initial; background-origin: initial; background-clip: initial;\">\u00a0<\/p><p style=\"margin-bottom: 7.5pt; line-height: normal; background-image: initial; background-position: initial; background-size: initial; background-repeat: initial; background-attachment: initial; background-origin: initial; background-clip: initial;\"><span style=\"font-size: 13pt;\">Unser Handeln ist bestimmt von einer christlich-ethischen und humanistischen Grundeinstellung. Hieraus leiten wir f\u00fcr uns eine prinzipiell positive, wertsch\u00e4tzende und akzeptierende Einstellung zum Menschen in seiner Ganzheit ab. Wichtiger Bestandteil dieser Sichtweise sind im Besonderen die jeweiligen Biografien der jungen Menschen wozu die Vergangenheit, Gegenwart und Zukunft geh\u00f6rt.<\/span><\/p><p style=\"margin-bottom: 7.5pt; line-height: normal; background-image: initial; background-position: initial; background-size: initial; background-repeat: initial; background-attachment: initial; background-origin: initial; background-clip: initial;\"><span style=\"font-size: 13pt;\">Grundlage unserer Arbeit ist ein von C. &#8211; R. Rogers gepr\u00e4gtes humanistisches Menschenbild. Nach diesem Verst\u00e4ndnis gehen wir davon aus, dass bei jedem Menschen immer ein prinzipielles Wohlwollen vorhanden ist, das durch Empathie, Vertrauen, Akzeptanz und Verst\u00e4ndnis gef\u00f6rdert wird. Auf dieser Basis soll das Miteinander in dieser Einrichtung von gegenseitiger Wertsch\u00e4tzung, Unterst\u00fctzung und Toleranz gepr\u00e4gt sein. Vertrauen, Verl\u00e4sslichkeit und konstruktive Offenheit sind das Fundament unserer Arbeit. Ein multiprofessionelles Team gew\u00e4hrleistet umfassende fachliche Qualit\u00e4t. Externe Hilfen sorgen f\u00fcr erforderliche Unterst\u00fctzung. Fortbildungen erhalten die fachlichen Standards.<\/span><\/p><p>\u00a0<\/p><p style=\"margin-bottom: 7.5pt; line-height: normal; background-image: initial; background-position: initial; background-size: initial; background-repeat: initial; background-attachment: initial; background-origin: initial; background-clip: initial;\"><span style=\"font-size: 13pt;\">Auf diesen Grundlagen sollen die von uns betreuten jungen Menschen unter weitgehender Einbeziehung in den Gestaltungsprozess positive Ressourcen aktivieren und Eigeninitiative entwickeln, um f\u00fcr sich und ihre Kinder Verantwortung zu \u00fcbernehmen. Dadurch erarbeiten sie sich die Grundlage, um schulische, berufliche und pers\u00f6nliche Kompetenzen auf- bzw. auszubauen. Ein besonderer Schwerpunkt liegt dabei bei den von uns betreuten Kindern, f\u00fcr die das Leben bei uns den Ausgangspunkt in eine emotional gefestigte Zukunft bieten soll. Es ist uns ein besonderes Anliegen, den Kreislauf sozialer Deprivation zu unterbrechen.<\/span><\/p>\t\t\t\t\t\t\t\t<\/div>\n\t\t\t\t<\/div>\n\t\t\t\t\t<\/div>\n\t\t<\/div>\n\t\t\t\t\t<\/div>\n\t\t<\/section>\n\t\t\t\t<\/div>\n\t\t","protected":false},"excerpt":{"rendered":"<p>\u00a0 Unser Handeln ist bestimmt von einer christlich-ethischen und humanistischen Grundeinstellung. Hieraus leiten wir f\u00fcr uns eine prinzipiell positive, wertsch\u00e4tzende und akzeptierende Einstellung zum Menschen in seiner Ganzheit ab. Wichtiger Bestandteil dieser Sichtweise sind im Besonderen die jeweiligen Biografien der jungen Menschen wozu die Vergangenheit, Gegenwart und Zukunft geh\u00f6rt. Grundlage unserer Arbeit ist ein von&hellip;<\/p>\n","protected":false},"author":2,"featured_media":0,"parent":0,"menu_order":0,"comment_status":"closed","ping_status":"closed","template":"","meta":{"footnotes":""},"class_list":["post-15090","page","type-page","status-publish","hentry"],"_links":{"self":[{"href":"https:\/\/www.mutter-kind-betreuung.de\/index.php?rest_route=\/wp\/v2\/pages\/15090","targetHints":{"allow":["GET"]}}],"collection":[{"href":"https:\/\/www.mutter-kind-betreuung.de\/index.php?rest_route=\/wp\/v2\/pages"}],"about":[{"href":"https:\/\/www.mutter-kind-betreuung.de\/index.php?rest_route=\/wp\/v2\/types\/page"}],"author":[{"embeddable":true,"href":"https:\/\/www.mutter-kind-betreuung.de\/index.php?rest_route=\/wp\/v2\/users\/2"}],"replies":[{"embeddable":true,"href":"https:\/\/www.mutter-kind-betreuung.de\/index.php?rest_route=%2Fwp%2Fv2%2Fcomments&post=15090"}],"version-history":[{"count":5,"href":"https:\/\/www.mutter-kind-betreuung.de\/index.php?rest_route=\/wp\/v2\/pages\/15090\/revisions"}],"predecessor-version":[{"id":15095,"href":"https:\/\/www.mutter-kind-betreuung.de\/index.php?rest_route=\/wp\/v2\/pages\/15090\/revisions\/15095"}],"wp:attachment":[{"href":"https:\/\/www.mutter-kind-betreuung.de\/index.php?rest_route=%2Fwp%2Fv2%2Fmedia&parent=15090"}],"curies":[{"name":"wp","href":"https:\/\/api.w.org\/{rel}","templated":true}]}}