{"id":15343,"date":"2024-10-14T14:31:34","date_gmt":"2024-10-14T14:31:34","guid":{"rendered":"https:\/\/www.mutter-kind-betreuung.de\/?page_id=15343"},"modified":"2024-11-08T08:51:50","modified_gmt":"2024-11-08T08:51:50","slug":"stellenangebote","status":"publish","type":"page","link":"https:\/\/www.mutter-kind-betreuung.de\/?page_id=15343","title":{"rendered":"Stellenangebote"},"content":{"rendered":"\t\t<div data-elementor-type=\"wp-page\" data-elementor-id=\"15343\" class=\"elementor elementor-15343\">\n\t\t\t\t\t\t<section class=\"elementor-section elementor-top-section elementor-element elementor-element-3c94d46 elementor-section-boxed elementor-section-height-default elementor-section-height-default\" data-id=\"3c94d46\" data-element_type=\"section\" data-e-type=\"section\">\n\t\t\t\t\t\t<div class=\"elementor-container elementor-column-gap-default\">\n\t\t\t\t\t<div class=\"elementor-column elementor-col-33 elementor-top-column elementor-element elementor-element-794ecef\" data-id=\"794ecef\" data-element_type=\"column\" data-e-type=\"column\">\n\t\t\t<div class=\"elementor-widget-wrap elementor-element-populated\">\n\t\t\t\t\t\t<div class=\"elementor-element elementor-element-00abeb8 elementor-widget elementor-widget-image\" data-id=\"00abeb8\" data-element_type=\"widget\" data-e-type=\"widget\" data-widget_type=\"image.default\">\n\t\t\t\t<div class=\"elementor-widget-container\">\n\t\t\t\t\t\t\t\t\t\t\t\t\t\t\t\t<a href=\"https:\/\/www.mutter-kind-betreuung.de\/?page_id=1420\">\n\t\t\t\t\t\t\t<img decoding=\"async\" width=\"150\" height=\"150\" src=\"https:\/\/www.mutter-kind-betreuung.de\/wp-content\/uploads\/2024\/09\/sozialpaedagogische-wir-such-150x150.gif\" class=\"attachment-thumbnail size-thumbnail wp-image-15219\" alt=\"\" \/>\t\t\t\t\t\t\t\t<\/a>\n\t\t\t\t\t\t\t\t\t\t\t\t\t\t\t<\/div>\n\t\t\t\t<\/div>\n\t\t\t\t\t<\/div>\n\t\t<\/div>\n\t\t\t\t<div class=\"elementor-column elementor-col-66 elementor-top-column elementor-element elementor-element-adf1aad\" data-id=\"adf1aad\" data-element_type=\"column\" data-e-type=\"column\">\n\t\t\t<div class=\"elementor-widget-wrap elementor-element-populated\">\n\t\t\t\t\t\t<div class=\"elementor-element elementor-element-2266fc4 elementor-widget elementor-widget-text-editor\" data-id=\"2266fc4\" data-element_type=\"widget\" data-e-type=\"widget\" data-widget_type=\"text-editor.default\">\n\t\t\t\t<div class=\"elementor-widget-container\">\n\t\t\t\t\t\t\t\t\t<h2><a href=\"https:\/\/www.mutter-kind-betreuung.de\/?page_id=1420\">Erzieher:in<\/a><\/h2><p>in Voll- oder Teilzeit<\/p>\t\t\t\t\t\t\t\t<\/div>\n\t\t\t\t<\/div>\n\t\t\t\t\t<\/div>\n\t\t<\/div>\n\t\t\t\t\t<\/div>\n\t\t<\/section>\n\t\t\t\t<section class=\"elementor-section elementor-top-section elementor-element elementor-element-ae74cf5 elementor-section-boxed elementor-section-height-default elementor-section-height-default\" data-id=\"ae74cf5\" data-element_type=\"section\" data-e-type=\"section\">\n\t\t\t\t\t\t<div class=\"elementor-container elementor-column-gap-default\">\n\t\t\t\t\t<div class=\"elementor-column elementor-col-100 elementor-top-column elementor-element elementor-element-6b19f7c\" data-id=\"6b19f7c\" data-element_type=\"column\" data-e-type=\"column\">\n\t\t\t<div class=\"elementor-widget-wrap elementor-element-populated\">\n\t\t\t\t\t\t<div class=\"elementor-element elementor-element-2c67d9f elementor-widget-divider--view-line elementor-widget elementor-widget-divider\" data-id=\"2c67d9f\" data-element_type=\"widget\" data-e-type=\"widget\" data-widget_type=\"divider.default\">\n\t\t\t\t<div class=\"elementor-widget-container\">\n\t\t\t\t\t\t\t<div class=\"elementor-divider\">\n\t\t\t<span class=\"elementor-divider-separator\">\n\t\t\t\t\t\t<\/span>\n\t\t<\/div>\n\t\t\t\t\t\t<\/div>\n\t\t\t\t<\/div>\n\t\t\t\t\t<\/div>\n\t\t<\/div>\n\t\t\t\t\t<\/div>\n\t\t<\/section>\n\t\t\t\t<section class=\"elementor-section elementor-top-section elementor-element elementor-element-651294f elementor-section-boxed elementor-section-height-default elementor-section-height-default\" data-id=\"651294f\" data-element_type=\"section\" data-e-type=\"section\">\n\t\t\t\t\t\t<div class=\"elementor-container elementor-column-gap-default\">\n\t\t\t\t\t<div class=\"elementor-column elementor-col-100 elementor-top-column elementor-element elementor-element-c4da629\" data-id=\"c4da629\" data-element_type=\"column\" data-e-type=\"column\">\n\t\t\t<div class=\"elementor-widget-wrap elementor-element-populated\">\n\t\t\t\t\t\t<div class=\"elementor-element elementor-element-87f348b elementor-widget elementor-widget-text-editor\" data-id=\"87f348b\" data-element_type=\"widget\" data-e-type=\"widget\" data-widget_type=\"text-editor.default\">\n\t\t\t\t<div class=\"elementor-widget-container\">\n\t\t\t\t\t\t\t\t\t<h3>Ab Oktober 2025 suchen wir wieder duale Studentinnen und Studenten f\u00fcr Soziale Arbeit.<\/h3>\t\t\t\t\t\t\t\t<\/div>\n\t\t\t\t<\/div>\n\t\t\t\t\t<\/div>\n\t\t<\/div>\n\t\t\t\t\t<\/div>\n\t\t<\/section>\n\t\t\t\t<section class=\"elementor-section elementor-top-section elementor-element elementor-element-cbc89db elementor-section-boxed elementor-section-height-default elementor-section-height-default\" data-id=\"cbc89db\" data-element_type=\"section\" data-e-type=\"section\">\n\t\t\t\t\t\t<div class=\"elementor-container elementor-column-gap-default\">\n\t\t\t\t\t<div class=\"elementor-column elementor-col-50 elementor-top-column elementor-element elementor-element-bf842a6\" data-id=\"bf842a6\" data-element_type=\"column\" data-e-type=\"column\">\n\t\t\t<div class=\"elementor-widget-wrap elementor-element-populated\">\n\t\t\t\t\t\t<div class=\"elementor-element elementor-element-eb45e85 elementor-widget elementor-widget-image\" data-id=\"eb45e85\" data-element_type=\"widget\" data-e-type=\"widget\" data-widget_type=\"image.default\">\n\t\t\t\t<div class=\"elementor-widget-container\">\n\t\t\t\t\t\t\t\t\t\t\t\t\t\t\t<img fetchpriority=\"high\" decoding=\"async\" width=\"923\" height=\"923\" src=\"https:\/\/www.mutter-kind-betreuung.de\/wp-content\/uploads\/2024\/10\/IU-Logo-1024x1024.jpg\" class=\"attachment-large size-large wp-image-15334\" alt=\"\" srcset=\"https:\/\/www.mutter-kind-betreuung.de\/wp-content\/uploads\/2024\/10\/IU-Logo-1024x1024.jpg 1024w, https:\/\/www.mutter-kind-betreuung.de\/wp-content\/uploads\/2024\/10\/IU-Logo-300x300.jpg 300w, https:\/\/www.mutter-kind-betreuung.de\/wp-content\/uploads\/2024\/10\/IU-Logo-150x150.jpg 150w, https:\/\/www.mutter-kind-betreuung.de\/wp-content\/uploads\/2024\/10\/IU-Logo-768x768.jpg 768w, https:\/\/www.mutter-kind-betreuung.de\/wp-content\/uploads\/2024\/10\/IU-Logo.jpg 1074w\" sizes=\"(max-width: 923px) 100vw, 923px\" \/>\t\t\t\t\t\t\t\t\t\t\t\t\t\t\t<\/div>\n\t\t\t\t<\/div>\n\t\t\t\t\t<\/div>\n\t\t<\/div>\n\t\t\t\t<div class=\"elementor-column elementor-col-50 elementor-top-column elementor-element elementor-element-d276ab4\" data-id=\"d276ab4\" data-element_type=\"column\" data-e-type=\"column\">\n\t\t\t<div class=\"elementor-widget-wrap elementor-element-populated\">\n\t\t\t\t\t\t<div class=\"elementor-element elementor-element-30be7dc elementor-widget elementor-widget-text-editor\" data-id=\"30be7dc\" data-element_type=\"widget\" data-e-type=\"widget\" data-widget_type=\"text-editor.default\">\n\t\t\t\t<div class=\"elementor-widget-container\">\n\t\t\t\t\t\t\t\t\t<p><span style=\"color: #1d1d1f; font-family: 'Source Sans Pro', sans-serif;\" data-olk-copy-source=\"MessageBody\">\u00a0<\/span><\/p><p><span style=\"color: #1d1d1f; font-family: 'Source Sans Pro', sans-serif;\" data-olk-copy-source=\"MessageBody\">\u00a0<\/span><\/p><p><!--StartFragment--><span style=\"color: #1d1d1f; font-family: 'Source Sans Pro', sans-serif;\" data-olk-copy-source=\"MessageBody\">Wir sind Praxispartner f\u00fcr das duale Studium der Internationalen Hochschule (IU). Die IU ist Deutschlands gr\u00f6\u00dfte Hochschule, staatlich anerkannt und von der FIBAA systemakkreditiert.<\/span><!--EndFragment--><\/p>\t\t\t\t\t\t\t\t<\/div>\n\t\t\t\t<\/div>\n\t\t\t\t\t<\/div>\n\t\t<\/div>\n\t\t\t\t\t<\/div>\n\t\t<\/section>\n\t\t\t\t<\/div>\n\t\t","protected":false},"excerpt":{"rendered":"<p>Erzieher:in in Voll- oder Teilzeit Ab Oktober 2025 suchen wir wieder duale Studentinnen und Studenten f\u00fcr Soziale Arbeit. \u00a0 \u00a0 Wir sind Praxispartner f\u00fcr das duale Studium der Internationalen Hochschule (IU). Die IU ist Deutschlands gr\u00f6\u00dfte Hochschule, staatlich anerkannt und von der FIBAA systemakkreditiert.<\/p>\n","protected":false},"author":2,"featured_media":0,"parent":0,"menu_order":0,"comment_status":"closed","ping_status":"closed","template":"","meta":{"footnotes":""},"class_list":["post-15343","page","type-page","status-publish","hentry"],"_links":{"self":[{"href":"https:\/\/www.mutter-kind-betreuung.de\/index.php?rest_route=\/wp\/v2\/pages\/15343","targetHints":{"allow":["GET"]}}],"collection":[{"href":"https:\/\/www.mutter-kind-betreuung.de\/index.php?rest_route=\/wp\/v2\/pages"}],"about":[{"href":"https:\/\/www.mutter-kind-betreuung.de\/index.php?rest_route=\/wp\/v2\/types\/page"}],"author":[{"embeddable":true,"href":"https:\/\/www.mutter-kind-betreuung.de\/index.php?rest_route=\/wp\/v2\/users\/2"}],"replies":[{"embeddable":true,"href":"https:\/\/www.mutter-kind-betreuung.de\/index.php?rest_route=%2Fwp%2Fv2%2Fcomments&post=15343"}],"version-history":[{"count":6,"href":"https:\/\/www.mutter-kind-betreuung.de\/index.php?rest_route=\/wp\/v2\/pages\/15343\/revisions"}],"predecessor-version":[{"id":15400,"href":"https:\/\/www.mutter-kind-betreuung.de\/index.php?rest_route=\/wp\/v2\/pages\/15343\/revisions\/15400"}],"wp:attachment":[{"href":"https:\/\/www.mutter-kind-betreuung.de\/index.php?rest_route=%2Fwp%2Fv2%2Fmedia&parent=15343"}],"curies":[{"name":"wp","href":"https:\/\/api.w.org\/{rel}","templated":true}]}}